{"id":442,"date":"2026-01-13T11:09:13","date_gmt":"2026-01-13T11:09:13","guid":{"rendered":"https:\/\/www.2.aspektlo.com\/?page_id=442"},"modified":"2026-04-20T20:39:02","modified_gmt":"2026-04-20T20:39:02","slug":"spisak-zakupaca","status":"publish","type":"page","link":"https:\/\/www.2.aspektlo.com\/en\/spisak-zakupaca\/","title":{"rendered":"\u0421\u043f\u0438\u0441\u0430\u043a \u0437\u0430\u043a\u0443\u043f\u0430\u0446\u0430 \u043a\u0430\u043d\u0446\u0435\u043b\u0430\u0440\u0438\u0458\u0430 \u0443 \u0441\u043b\u0443\u0436\u0431\u0435\u043d\u043e\u0458 \u0437\u0433\u0440\u0430\u0434\u0438"},"content":{"rendered":"\t<div id=\"gap-1015178099\" class=\"gap-element clearfix\" style=\"display:block; height:auto;\">\n\t\t\n<style>\n#gap-1015178099 {\n  padding-top: 60px;\n}\n<\/style>\n\t<\/div>\n\t\n<div class=\"row\"  id=\"row-745978304\">\n\n\t<div id=\"col-424403014\" class=\"col small-12 large-12\"  >\n\t\t\t\t<div class=\"col-inner\"  >\n\t\t\t\n\t\t\t\n\t<div id=\"text-1896308376\" class=\"text\">\n\t\t\n<h2 id=\"tablepress-11-name\" class=\"tablepress-table-name tablepress-table-name-id-11\">\u0421\u043f\u0438\u0441\u0430\u043a \u0437\u0430\u043a\u0443\u043f\u0430\u0446\u0430 \u043a\u0430\u043d\u0446\u0435\u043b\u0430\u0440\u0438\u0458\u0430 \u0443 \u0441\u043b\u0443\u0436\u0431\u0435\u043d\u043e\u0458 \u0437\u0433\u0440\u0430\u0434\u0438<\/h2>\n\n<table id=\"tablepress-11\" class=\"tablepress tablepress-id-11\" aria-labelledby=\"tablepress-11-name\">\n<thead>\n<tr class=\"row-1\">\n\t<th class=\"column-1\">ZAKUPAC<\/th><th class=\"column-2\">DELATNOST<\/th>\n<\/tr>\n<\/thead>\n<tbody class=\"row-striping row-hover\">\n<tr class=\"row-2\">\n\t<td class=\"column-1\">CARINSKA ISPOSTAVA BEOGRAD<\/td><td class=\"column-2\">carinjenje polovnih automobila<\/td>\n<\/tr>\n<tr class=\"row-3\">\n\t<td class=\"column-1\">AMW DOO<\/td><td class=\"column-2\">\u0161pedicija<\/td>\n<\/tr>\n<tr class=\"row-4\">\n\t<td class=\"column-1\">IVNI BG DOO<\/td><td class=\"column-2\">\u0161pedicija<\/td>\n<\/tr>\n<tr class=\"row-5\">\n\t<td class=\"column-1\">AC MILENIUM DOO<\/td><td class=\"column-2\">\u0161pedicija<\/td>\n<\/tr>\n<tr class=\"row-6\">\n\t<td class=\"column-1\">OMNIA SPED DOO<\/td><td class=\"column-2\">\u0161pedicija<\/td>\n<\/tr>\n<tr class=\"row-7\">\n\t<td class=\"column-1\">MLEKARA SPASOJEVI\u0106 DOO<\/td><td class=\"column-2\">mlekara<\/td>\n<\/tr>\n<tr class=\"row-8\">\n\t<td class=\"column-1\">ZELA \u0160PED<\/td><td class=\"column-2\">\u0161pedicija<\/td>\n<\/tr>\n<tr class=\"row-9\">\n\t<td class=\"column-1\">REMIKO LINE DOO<\/td><td class=\"column-2\">trgovina, promet i usluge<\/td>\n<\/tr>\n<tr class=\"row-10\">\n\t<td class=\"column-1\">NLM SR \u0160PED 2020 DOO<\/td><td class=\"column-2\">\u0161pedicija<\/td>\n<\/tr>\n<tr class=\"row-11\">\n\t<td class=\"column-1\">KMGB CONSULTING<\/td><td class=\"column-2\"><\/td>\n<\/tr>\n<tr class=\"row-12\">\n\t<td class=\"column-1\">STEFIL \u0160PED DOO<\/td><td class=\"column-2\">\u0161pedicija<\/td>\n<\/tr>\n<tr class=\"row-13\">\n\t<td class=\"column-1\">GEA WATER WORK DOO<\/td><td class=\"column-2\">konsultantske aktivnosti u vezi poslovanja<\/td>\n<\/tr>\n<tr class=\"row-14\">\n\t<td class=\"column-1\">JUGIS DOO<\/td><td class=\"column-2\">\u0161pedicija<\/td>\n<\/tr>\n<tr class=\"row-15\">\n\t<td class=\"column-1\">BATA \u0160PED <\/td><td class=\"column-2\">\u0161pedicija<\/td>\n<\/tr>\n<tr class=\"row-16\">\n\t<td class=\"column-1\">RES ROTA DOO<\/td><td class=\"column-2\">\u0161pedicija<\/td>\n<\/tr>\n<tr class=\"row-17\">\n\t<td class=\"column-1\">LOGMAN<\/td><td class=\"column-2\">\u0161pedicija<\/td>\n<\/tr>\n<tr class=\"row-18\">\n\t<td class=\"column-1\">MIL\u0160PED DOO<\/td><td class=\"column-2\">\u0161pedicija<\/td>\n<\/tr>\n<tr class=\"row-19\">\n\t<td class=\"column-1\">OUR NA\u0160A DOO<\/td><td class=\"column-2\">\u0161pedicija<\/td>\n<\/tr>\n<tr class=\"row-20\">\n\t<td class=\"column-1\">D&amp;J \u0160PED DOO<\/td><td class=\"column-2\">\u0161pedicija<\/td>\n<\/tr>\n<tr class=\"row-21\">\n\t<td class=\"column-1\">FENIKS TRADE DOO<\/td><td class=\"column-2\">\u0161pedicija<\/td>\n<\/tr>\n<tr class=\"row-22\">\n\t<td class=\"column-1\">TEHNOLAB<\/td><td class=\"column-2\">\u0161pedicija<\/td>\n<\/tr>\n<tr class=\"row-23\">\n\t<td class=\"column-1\">JUGIS DOO<\/td><td class=\"column-2\">\u0161pedicija<\/td>\n<\/tr>\n<\/tbody>\n<\/table>\n<!-- #tablepress-11 from cache -->\n\t\t\n<style>\n#text-1896308376 {\n  text-align: center;\n}\n<\/style>\n\t<\/div>\n\t\n\t\t<\/div>\n\t\t\t\t\t<\/div>\n\n\t\n<\/div>\n","protected":false},"excerpt":{"rendered":"<p>\u0421\u043f\u0438\u0441\u0430\u043a \u0437\u0430\u043a\u0443\u043f\u0430\u0446\u0430 \u043a\u0430\u043d\u0446\u0435\u043b\u0430\u0440\u0438\u0458\u0430 \u0443 \u0441\u043b\u0443\u0436\u0431\u0435\u043d\u043e\u0458 \u0437\u0433\u0440\u0430\u0434\u0438 ZAKUPACDELATNOST CARINSKA ISPOSTAVA BEOGRADcarinjenje polovnih automobila AMW DOO\u0161pedicija IVNI BG DOO\u0161pedicija AC MILENIUM DOO\u0161pedicija OMNIA SPED DOO\u0161pedicija MLEKARA SPASOJEVI\u0106 DOOmlekara ZELA \u0160PED\u0161pedicija REMIKO LINE DOOtrgovina, promet i usluge NLM SR \u0160PED 2020 DOO\u0161pedicija KMGB CONSULTING STEFIL \u0160PED DOO\u0161pedicija GEA WATER WORK DOOkonsultantske aktivnosti u vezi poslovanja JUGIS DOO\u0161pedicija BATA [&#8230;]\n","protected":false},"author":1,"featured_media":0,"parent":0,"menu_order":0,"comment_status":"closed","ping_status":"closed","template":"page-blank.php","meta":{"footnotes":""},"class_list":["post-442","page","type-page","status-publish","hentry"],"_links":{"self":[{"href":"https:\/\/www.2.aspektlo.com\/en\/wp-json\/wp\/v2\/pages\/442","targetHints":{"allow":["GET"]}}],"collection":[{"href":"https:\/\/www.2.aspektlo.com\/en\/wp-json\/wp\/v2\/pages"}],"about":[{"href":"https:\/\/www.2.aspektlo.com\/en\/wp-json\/wp\/v2\/types\/page"}],"author":[{"embeddable":true,"href":"https:\/\/www.2.aspektlo.com\/en\/wp-json\/wp\/v2\/users\/1"}],"replies":[{"embeddable":true,"href":"https:\/\/www.2.aspektlo.com\/en\/wp-json\/wp\/v2\/comments?post=442"}],"version-history":[{"count":0,"href":"https:\/\/www.2.aspektlo.com\/en\/wp-json\/wp\/v2\/pages\/442\/revisions"}],"wp:attachment":[{"href":"https:\/\/www.2.aspektlo.com\/en\/wp-json\/wp\/v2\/media?parent=442"}],"curies":[{"name":"wp","href":"https:\/\/api.w.org\/{rel}","templated":true}]}}