{"id":439,"date":"2026-01-13T11:08:14","date_gmt":"2026-01-13T11:08:14","guid":{"rendered":"https:\/\/www.2.aspektlo.com\/?page_id=439"},"modified":"2026-03-26T09:15:56","modified_gmt":"2026-03-26T09:15:56","slug":"spisak-zakupaca-poslovnog-prostora-nova-hala-lokal-kiosk-pult-i-mol","status":"publish","type":"page","link":"https:\/\/www.2.aspektlo.com\/en\/list-of-business-space-lessees\/","title":{"rendered":"List of business space lessees"},"content":{"rendered":"\t<div id=\"text-687374042\" class=\"text\">\n\t\t\n<h2>List of tenants of business premises \u2013 new hall, retail unit, kiosk-counter and mall<\/h2>\n\t\t\n<style>\n#text-687374042 {\n  text-align: center;\n}\n<\/style>\n\t<\/div>\n\t\n<div class=\"row\"  id=\"row-2129942709\">\n\n\t<div id=\"col-601836843\" class=\"col small-12 large-12\"  >\n\t\t\t\t<div class=\"col-inner\"  >\n\t\t\t\n\t\t\t\n\t<div id=\"gap-1017477160\" class=\"gap-element clearfix\" style=\"display:block; height:auto;\">\n\t\t\n<style>\n#gap-1017477160 {\n  padding-top: 60px;\n}\n<\/style>\n\t<\/div>\n\t\n\t<div id=\"text-113693329\" class=\"text\">\n\t\t\n<h2 id=\"tablepress-7-name\" class=\"tablepress-table-name tablepress-table-name-id-7\">\u041d\u043e\u0432\u0430 \u0445\u0430\u043b\u0430<\/h2>\n\n<table id=\"tablepress-7\" class=\"tablepress tablepress-id-7\" aria-labelledby=\"tablepress-7-name\">\n<thead>\n<tr class=\"row-1\">\n\t<th class=\"column-1\">NOVA HALA<\/th><th class=\"column-2\">DELATNOST<\/th>\n<\/tr>\n<\/thead>\n<tbody class=\"row-striping row-hover\">\n<tr class=\"row-2\">\n\t<td class=\"column-1\">GOLD DISTRIBUTION DOO<\/td><td class=\"column-2\">distributer pi\u0107a i prate\u0107e opreme<\/td>\n<\/tr>\n<tr class=\"row-3\">\n\t<td class=\"column-1\">\u0160PAJZ DOO<\/td><td class=\"column-2\">prehrambeni proizvodi<\/td>\n<\/tr>\n<tr class=\"row-4\">\n\t<td class=\"column-1\">BONEDA DOO<\/td><td class=\"column-2\">prehrambeni proizvodi<\/td>\n<\/tr>\n<tr class=\"row-5\">\n\t<td class=\"column-1\">2B LOGISTIC DOO<\/td><td class=\"column-2\">\u0161pedicija<\/td>\n<\/tr>\n<tr class=\"row-6\">\n\t<td class=\"column-1\">STR MLA\u0110A<\/td><td class=\"column-2\">distributer vo\u0107a i povr\u0107a<\/td>\n<\/tr>\n<tr class=\"row-7\">\n\t<td class=\"column-1\">ATANASOV DOO<\/td><td class=\"column-2\">distributer vo\u0107a i povr\u0107a<\/td>\n<\/tr>\n<tr class=\"row-8\">\n\t<td class=\"column-1\">RADOVAN PROMET<\/td><td class=\"column-2\">distributer vo\u0107a i povr\u0107a<\/td>\n<\/tr>\n<tr class=\"row-9\">\n\t<td class=\"column-1\">IVAN RATKOVI\u0106 PR<\/td><td class=\"column-2\">distributer vo\u0107a i povr\u0107a<\/td>\n<\/tr>\n<\/tbody>\n<\/table>\n<!-- #tablepress-7 from cache -->\n\t\t\n<style>\n#text-113693329 {\n  text-align: center;\n}\n<\/style>\n\t<\/div>\n\t\n\t\t<\/div>\n\t\t\t\t\t<\/div>\n\n\t\n\n\t<div id=\"col-913201244\" class=\"col small-12 large-12\"  >\n\t\t\t\t<div class=\"col-inner\"  >\n\t\t\t\n\t\t\t\n\t<div id=\"gap-1721919755\" class=\"gap-element clearfix\" style=\"display:block; height:auto;\">\n\t\t\n<style>\n#gap-1721919755 {\n  padding-top: 60px;\n}\n<\/style>\n\t<\/div>\n\t\n\t<div id=\"text-1656799965\" class=\"text\">\n\t\t\n<h2 id=\"tablepress-8-name\" class=\"tablepress-table-name tablepress-table-name-id-8\">\u041b\u043e\u043a\u0430\u043b\u0438<\/h2>\n\n<table id=\"tablepress-8\" class=\"tablepress tablepress-id-8\" aria-labelledby=\"tablepress-8-name\">\n<thead>\n<tr class=\"row-1\">\n\t<th class=\"column-1\">LOKALI<\/th><th class=\"column-2\">DELATNOST<\/th>\n<\/tr>\n<\/thead>\n<tbody class=\"row-striping row-hover\">\n<tr class=\"row-2\">\n\t<td class=\"column-1\">KU\u0106A BGD<\/td><td class=\"column-2\">prehrambeni proizvodi<\/td>\n<\/tr>\n<tr class=\"row-3\">\n\t<td class=\"column-1\">ZA KOMPROMIS<\/td><td class=\"column-2\">prehrambeni proizvodi<\/td>\n<\/tr>\n<tr class=\"row-4\">\n\t<td class=\"column-1\">TR PETAR \u0110URI\u0106<\/td><td class=\"column-2\">ugostiteljski objekat - hladni i topli napici<\/td>\n<\/tr>\n<tr class=\"row-5\">\n\t<td class=\"column-1\">RAKI&amp;NIK DOO<\/td><td class=\"column-2\">preduze\u0107e za spoljnu i unutra\u0161nju trgovinu<\/td>\n<\/tr>\n<tr class=\"row-6\">\n\t<td class=\"column-1\">PERI\u0106 DOO<\/td><td class=\"column-2\">preduze\u0107e za spoljnu i unutra\u0161nju trgovinu<\/td>\n<\/tr>\n<tr class=\"row-7\">\n\t<td class=\"column-1\">VEDRANA \u0160IJAN TR BIS 128<\/td><td class=\"column-2\">prehrambeni proizvodi<\/td>\n<\/tr>\n<tr class=\"row-8\">\n\t<td class=\"column-1\">ANDREA STAR DOO<\/td><td class=\"column-2\">papirna galanterija<\/td>\n<\/tr>\n<tr class=\"row-9\">\n\t<td class=\"column-1\">POPP KAFA I KOLA\u010c<\/td><td class=\"column-2\">ugostiteljski objekat - poslasti\u010darnica<\/td>\n<\/tr>\n<tr class=\"row-10\">\n\t<td class=\"column-1\">LAVRIS DOO<\/td><td class=\"column-2\">zdrava hrana<\/td>\n<\/tr>\n<tr class=\"row-11\">\n\t<td class=\"column-1\">BOJANA VESELINOVI\u0106 PR<\/td><td class=\"column-2\">pekara<\/td>\n<\/tr>\n<tr class=\"row-12\">\n\t<td class=\"column-1\">FLYING 2018 DOO<\/td><td class=\"column-2\">prehrambeni proizvodi<\/td>\n<\/tr>\n<tr class=\"row-13\">\n\t<td class=\"column-1\">ARASH DOO<\/td><td class=\"column-2\">zrnasti program<\/td>\n<\/tr>\n<tr class=\"row-14\">\n\t<td class=\"column-1\">SZTR DESETKA 2012<\/td><td class=\"column-2\">ugostiteljski objekat - poslasti\u010darnica<\/td>\n<\/tr>\n<tr class=\"row-15\">\n\t<td class=\"column-1\">TR BA\u0160 POVOLJNO - MOST TRADING<\/td><td class=\"column-2\">prehrambeni proizvodi<\/td>\n<\/tr>\n<tr class=\"row-16\">\n\t<td class=\"column-1\">BANKA PO\u0160TANSKA \u0160TEDIONICA AD<\/td><td class=\"column-2\">banka<\/td>\n<\/tr>\n<\/tbody>\n<\/table>\n<!-- #tablepress-8 from cache -->\n\t\t\n<style>\n#text-1656799965 {\n  text-align: center;\n}\n<\/style>\n\t<\/div>\n\t\n\t\t<\/div>\n\t\t\t\t\t<\/div>\n\n\t\n\n\t<div id=\"col-439700730\" class=\"col small-12 large-12\"  >\n\t\t\t\t<div class=\"col-inner\"  >\n\t\t\t\n\t\t\t\n\t<div id=\"gap-187612577\" class=\"gap-element clearfix\" style=\"display:block; height:auto;\">\n\t\t\n<style>\n#gap-187612577 {\n  padding-top: 60px;\n}\n<\/style>\n\t<\/div>\n\t\n\t<div id=\"text-1820302283\" class=\"text\">\n\t\t\n<h2 id=\"tablepress-9-name\" class=\"tablepress-table-name tablepress-table-name-id-9\">\u041a\u0438\u043e\u0441\u043a-\u041f\u0443\u043b\u0442<\/h2>\n\n<table id=\"tablepress-9\" class=\"tablepress tablepress-id-9\" aria-labelledby=\"tablepress-9-name\">\n<thead>\n<tr class=\"row-1\">\n\t<th class=\"column-1\">\u041a\u0418\u041e\u0421\u041a-\u041f\u0423\u041b\u0422<\/th><th class=\"column-2\">\u0414\u0415\u041b\u0410\u0422\u041d\u041e\u0421\u0422<\/th>\n<\/tr>\n<\/thead>\n<tbody class=\"row-striping row-hover\">\n<tr class=\"row-2\">\n\t<td class=\"column-1\">\u041f\u0415\u0422\u0410\u0420 \u0402\u0423\u0420\u0418\u040b \u041f\u0420 \u0422\u0420 \u0411\u0415\u041e\u0413\u0420\u0410\u0414<\/td><td class=\"column-2\">\u0443\u0433\u043e\u0441\u0442\u0438\u0442\u0435\u0459\u0441\u043a\u0438 \u043e\u0431\u0458\u0435\u043a\u0430\u0442 - \u0445\u043b\u0430\u0434\u043d\u0438 \u0438 \u0442\u043e\u043f\u043b\u0438 \u043d\u0430\u043f\u0438\u0446\u0438<\/td>\n<\/tr>\n<\/tbody>\n<\/table>\n<!-- #tablepress-9 from cache -->\n\t\t\n<style>\n#text-1820302283 {\n  text-align: center;\n}\n<\/style>\n\t<\/div>\n\t\n\t\t<\/div>\n\t\t\t\t\t<\/div>\n\n\t\n\n\t<div id=\"col-196422832\" class=\"col small-12 large-12\"  >\n\t\t\t\t<div class=\"col-inner\"  >\n\t\t\t\n\t\t\t\n\t<div id=\"gap-1789867453\" class=\"gap-element clearfix\" style=\"display:block; height:auto;\">\n\t\t\n<style>\n#gap-1789867453 {\n  padding-top: 60px;\n}\n<\/style>\n\t<\/div>\n\t\n\t<div id=\"text-434793571\" class=\"text\">\n\t\t\n<h2 id=\"tablepress-10-name\" class=\"tablepress-table-name tablepress-table-name-id-10\">\u041c\u043e\u043b\u043e\u0432\u0438<\/h2>\n\n<table id=\"tablepress-10\" class=\"tablepress tablepress-id-10\" aria-labelledby=\"tablepress-10-name\">\n<thead>\n<tr class=\"row-1\">\n\t<th class=\"column-1\"><strong>\u041c\u043e\u043b \u0431\u0440.1 <\/strong><\/th><th class=\"column-2\"><strong>\u0414\u0420\u0410\u0416\u041e \u0427\u0415\u041b\u0415\u0411\u0418\u040b\u0410\u041d\u0418\u041d \u041f\u0420,\u0423\u0423 \u0420\u0410\u0414\u041c\u0418\u041b\u0410 959<\/strong><\/th>\n<\/tr>\n<\/thead>\n<tbody class=\"row-striping row-hover\">\n<tr class=\"row-2\">\n\t<td class=\"column-1\"><strong>\u041c\u043e\u043b \u0431\u0440.2 <\/strong><\/td><td class=\"column-2\"><strong>\u0423\u0420 \u041a\u041e\u0420\u0414\u0423\u041d \u0414\u041c\u0414, \u0414\u0423\u0428\u0410\u041d \u041c\u0410\u040b\u0415\u0428\u0418\u040b<\/strong><\/td>\n<\/tr>\n<tr class=\"row-3\">\n\t<td class=\"column-1\"><strong>\u041c\u043e\u043b \u0431\u0440.3 <\/strong><\/td><td class=\"column-2\"><strong>\u0428\u0422\u0410\u041c\u041f\u0410 \u0421\u0418\u0421\u0422\u0415\u041c \u0414\u041e\u041e<\/strong><\/td>\n<\/tr>\n<tr class=\"row-4\">\n\t<td class=\"column-1\"><strong>\u041c\u043e\u043b \u0431\u0440.4 <\/strong><\/td><td class=\"column-2\"><strong>\u0417\u0410 \u041a\u041e\u041c\u041f\u0420\u041e\u041c\u0418\u0421 \u0414\u041e\u041e<\/strong><\/td>\n<\/tr>\n<tr class=\"row-5\">\n\t<td class=\"column-1\"><strong>\u041c\u043e\u043b \u0431\u0440.5 <\/strong><\/td><td class=\"column-2\"><strong>\u041f\u0422\u0420\u041f\u041a \u0413\u041e\u0411\u0415\u0409\u0418\u040b, \u041c\u0418\u041b\u0410\u041d \u0413\u041e\u0411\u0415\u0409\u0418\u040b<\/strong><\/td>\n<\/tr>\n<tr class=\"row-6\">\n\t<td class=\"column-1\"><strong>\u041c\u043e\u043b \u0431\u0440.6 <\/strong><\/td><td class=\"column-2\"><strong>\u0418\u0412\u0418\u0426\u0410 \u041f\u0420\u041e\u0422\u0420\u041a\u0410, \u041f\u0420, \u041f\u041b\u0410\u0422\u0410\u041d\u0421\u041c\u0415\u0413\u0410<\/strong><\/td>\n<\/tr>\n<tr class=\"row-7\">\n\t<td class=\"column-1\"><strong>\u041c\u043e\u043b \u0431\u0440.7 <\/strong><\/td><td class=\"column-2\"><strong>\u0422\u0420 \u041c\u0410\u0420\u0418\u041d\u041a\u041e \u0408\u0415\u0420\u041a\u041e\u0412\u0418\u040b<\/strong><\/td>\n<\/tr>\n<tr class=\"row-8\">\n\t<td class=\"column-1\"><strong>\u041c\u043e\u043b \u0431\u0440.8<\/strong><\/td><td class=\"column-2\"><strong>\u0422\u0420 \u0413\u041e\u0420\u0410\u041d \u0411\u041e\u0416\u0418\u040b<\/strong><\/td>\n<\/tr>\n<tr class=\"row-9\">\n\t<td class=\"column-1\"><strong>\u041c\u043e\u043b \u0431\u0440.9 <\/strong><\/td><td class=\"column-2\"><strong>\u0422\u0420 \u0410\u0414\u0420\u0418\u0410 I, \u0412\u0415\u0421\u041d\u0410 \u041a\u0423\u0411\u0410\u0422<\/strong><\/td>\n<\/tr>\n<tr class=\"row-10\">\n\t<td class=\"column-1\"><strong>\u041c\u043e\u043b \u0431\u0440.10 <\/strong><\/td><td class=\"column-2\"><strong>\u0422\u0420 \u0411\u041e\u0413\u0414\u0410\u041d \u0408\u0423\u0420\u0418\u0428\u0418\u040b<\/strong><\/td>\n<\/tr>\n<tr class=\"row-11\">\n\t<td class=\"column-1\"><strong>\u041c\u043e\u043b \u0431\u0440.11 <\/strong><\/td><td class=\"column-2\"><strong>\u0422\u0420 \u0408\u0414 \u041b\u0418\u0420\u0418\u041a\u0410, \u041d\u0415\u0411\u041e\u0408\u0428\u0410 \u0421\u041f\u0420\u0415\u041c\u041e<\/strong><\/td>\n<\/tr>\n<tr class=\"row-12\">\n\t<td class=\"column-1\"><strong>\u041c\u043e\u043b \u0431\u0440.12 <\/strong><\/td><td class=\"column-2\"><strong>\u0422\u0420 \u0420\u0410\u0414\u041e\u0408\u041a\u0410 \u0412\u0423\u041a\u041e\u0408\u0415\u0412\u0418\u040b<\/strong><\/td>\n<\/tr>\n<tr class=\"row-13\">\n\t<td class=\"column-1\"><strong>\u041c\u043e\u043b \u0431\u0440.13 <\/strong><\/td><td class=\"column-2\"><strong>\u0418\u0412\u0410\u041d \u0420\u0410\u0422\u041a\u041e\u0412\u0418\u040b \u041f\u0420, FAMILY TRADE<\/strong><\/td>\n<\/tr>\n<tr class=\"row-14\">\n\t<td class=\"column-1\"><strong>\u041c\u043e\u043b \u0431\u0440.14<\/strong><\/td><td class=\"column-2\"><strong>\u0422\u0420\u041d\u041c \u041c\u041e\u0408\u0410 \u041a\u041e\u041c\u0428\u0418\u041d\u0418\u0426\u0410, \u0414\u0420\u0410\u0413\u0410\u041d\u0410 \u0420\u0410\u0421\u0425\u0418\u0414 \u0424\u0410\u0420\u041e\u041a\u0425\u0418<\/strong><\/td>\n<\/tr>\n<tr class=\"row-15\">\n\t<td class=\"column-1\"><strong>\u041c\u043e\u043b \u0431\u0440.15 <\/strong><\/td><td class=\"column-2\"><strong>BP COMPANY<\/strong><\/td>\n<\/tr>\n<tr class=\"row-16\">\n\t<td class=\"column-1\"><strong>\u041c\u043e\u043b \u0431\u0440.16 <\/strong><\/td><td class=\"column-2\"><strong>\u0422\u0420 \u0413\u041e\u0420\u0410\u041d \u0411\u041e\u0416\u0418\u040b<\/strong><\/td>\n<\/tr>\n<tr class=\"row-17\">\n\t<td class=\"column-1\"><strong>\u041c\u043e\u043b \u0431\u0440.17<\/strong><\/td><td class=\"column-2\"><strong>\u0420\u0417\u041f\u0418\u0420\u040b \u0413\u0420\u0418\u041b-\u041f\u0420\u041e\u041c\u0415\u0422<\/strong><\/td>\n<\/tr>\n<tr class=\"row-18\">\n\t<td class=\"column-1\"><strong>\u041c\u043e\u043b \u0431\u0440.18<\/strong><\/td><td class=\"column-2\"><strong>\u041c\u0418\u041b\u0418\u0421\u0410\u0412 \u0411\u0410\u0411\u0418\u040b<\/strong><\/td>\n<\/tr>\n<tr class=\"row-19\">\n\t<td class=\"column-1\"><strong>\u041c\u043e\u043b \u0431\u0440.19 <\/strong><\/td><td class=\"column-2\"><strong>\u0422\u0420 \u0413\u041e\u0420\u0410\u041d \u0411\u041e\u0416\u0418\u040b<\/strong><\/td>\n<\/tr>\n<tr class=\"row-20\">\n\t<td class=\"column-1\"><strong>\u041c\u043e\u043b \u0431\u0440.20<\/strong><\/td><td class=\"column-2\"><strong>\u0422\u0420 \u0413\u041e\u0420\u0410\u041d \u0411\u041e\u0416\u0418\u040b<\/strong><\/td>\n<\/tr>\n<tr class=\"row-21\">\n\t<td class=\"column-1\"><strong>\u041c\u043e\u043b \u0431\u0440.21<\/strong><\/td><td class=\"column-2\"><strong>TR BELLA 2020,IRENA VULI\u0106<\/strong><\/td>\n<\/tr>\n<tr class=\"row-22\">\n\t<td class=\"column-1\"><strong>\u041c\u043e\u043b \u0431\u0440.22 <\/strong><\/td><td class=\"column-2\"><strong>\u0417\u0410 \u041a\u041e\u041c\u041f\u0420\u041e\u041c\u0418\u0421 \u0414\u041e\u041e<\/strong><\/td>\n<\/tr>\n<tr class=\"row-23\">\n\t<td class=\"column-1\"><strong>\u041c\u043e\u043b \u0431\u0440.23 <\/strong><\/td><td class=\"column-2\"><strong>TR BELLA 2020,IRENA VULI\u0106<\/strong><\/td>\n<\/tr>\n<tr class=\"row-24\">\n\t<td class=\"column-1\"><\/td><td class=\"column-2\"><\/td>\n<\/tr>\n<\/tbody>\n<\/table>\n<!-- #tablepress-10 from cache -->\n\t\t\n<style>\n#text-434793571 {\n  text-align: center;\n}\n<\/style>\n\t<\/div>\n\t\n\t\t<\/div>\n\t\t\t\t\t<\/div>\n\n\t\n<\/div>\n","protected":false},"excerpt":{"rendered":"<p>List of tenants of business premises \u2013 new hall, retail unit, kiosk-counter and mall \u041d\u043e\u0432\u0430 \u0445\u0430\u043b\u0430 NOVA HALADELATNOST GOLD DISTRIBUTION DOOdistributer pi\u0107a i prate\u0107e opreme \u0160PAJZ DOOprehrambeni proizvodi BONEDA DOOprehrambeni proizvodi 2B LOGISTIC DOO\u0161pedicija STR MLA\u0110Adistributer vo\u0107a i povr\u0107a ATANASOV DOOdistributer vo\u0107a i povr\u0107a RADOVAN PROMETdistributer vo\u0107a i povr\u0107a IVAN RATKOVI\u0106 PRdistributer vo\u0107a i povr\u0107a [&#8230;]\n","protected":false},"author":1,"featured_media":0,"parent":0,"menu_order":0,"comment_status":"closed","ping_status":"closed","template":"","meta":{"footnotes":""},"class_list":["post-439","page","type-page","status-publish","hentry"],"_links":{"self":[{"href":"https:\/\/www.2.aspektlo.com\/en\/wp-json\/wp\/v2\/pages\/439","targetHints":{"allow":["GET"]}}],"collection":[{"href":"https:\/\/www.2.aspektlo.com\/en\/wp-json\/wp\/v2\/pages"}],"about":[{"href":"https:\/\/www.2.aspektlo.com\/en\/wp-json\/wp\/v2\/types\/page"}],"author":[{"embeddable":true,"href":"https:\/\/www.2.aspektlo.com\/en\/wp-json\/wp\/v2\/users\/1"}],"replies":[{"embeddable":true,"href":"https:\/\/www.2.aspektlo.com\/en\/wp-json\/wp\/v2\/comments?post=439"}],"version-history":[{"count":0,"href":"https:\/\/www.2.aspektlo.com\/en\/wp-json\/wp\/v2\/pages\/439\/revisions"}],"wp:attachment":[{"href":"https:\/\/www.2.aspektlo.com\/en\/wp-json\/wp\/v2\/media?parent=439"}],"curies":[{"name":"wp","href":"https:\/\/api.w.org\/{rel}","templated":true}]}}